{"id":4957,"date":"2025-12-22T09:59:31","date_gmt":"2025-12-22T06:59:31","guid":{"rendered":"https:\/\/tdbo.org\/?page_id=4957"},"modified":"2025-12-22T09:59:31","modified_gmt":"2025-12-22T06:59:31","slug":"411-2-3","status":"publish","type":"page","link":"https:\/\/tdbo.org\/index.php\/411-2-3\/","title":{"rendered":"Afi\u015fler 2024"},"content":{"rendered":"<div class=\"wpb-content-wrapper\"><p>[vc_row][vc_column width=&#8221;1\/5&#8243;][\/vc_column][vc_column width=&#8221;1\/5&#8243;][\/vc_column][vc_column width=&#8221;1\/5&#8243;][vc_single_image image=&#8221;3019&#8243; img_size=&#8221;large&#8221; alignment=&#8221;center&#8221; style=&#8221;vc_box_rounded&#8221; onclick=&#8221;link_image&#8221; css=&#8221;&#8221; label=&#8221;&#8221;][vc_custom_heading text=&#8221;6. T\u00fcrk D\u00fcnyas\u0131 Bilim ve K\u00fclt\u00fcr \u015eenli\u011fi&#8221; font_container=&#8221;tag:h2|text_align:center&#8221; google_fonts=&#8221;font_family:Andika%3Aregular|font_style:400%20regular%3A400%3Anormal&#8221;][\/vc_column][vc_column width=&#8221;1\/5&#8243;][\/vc_column][vc_column width=&#8221;1\/5&#8243;][\/vc_column][\/vc_row]<\/p>\n<\/div>","protected":false},"excerpt":{"rendered":"<p>[vc_row][vc_column width=&#8221;1\/5&#8243;][\/vc_column][vc_column width=&#8221;1\/5&#8243;][\/vc_column][vc_column width=&#8221;1\/5&#8243;][vc_single_image image=&#8221;3019&#8243; img_size=&#8221;large&#8221; alignment=&#8221;center&#8221; style=&#8221;vc_box_rounded&#8221; onclick=&#8221;link_image&#8221; css=&#8221;&#8221; label=&#8221;&#8221;][vc_custom_heading text=&#8221;6. T\u00fcrk D\u00fcnyas\u0131 Bilim ve K\u00fclt\u00fcr \u015eenli\u011fi&#8221; font_container=&#8221;tag:h2|text_align:center&#8221; google_fonts=&#8221;font_family:Andika%3Aregular|font_style:400%20regular%3A400%3Anormal&#8221;][\/vc_column][vc_column width=&#8221;1\/5&#8243;][\/vc_column][vc_column width=&#8221;1\/5&#8243;][\/vc_column][\/vc_row]<\/p>\n","protected":false},"author":1,"featured_media":0,"parent":0,"menu_order":0,"comment_status":"closed","ping_status":"closed","template":"","meta":{"_monsterinsights_skip_tracking":false,"_monsterinsights_sitenote_active":false,"_monsterinsights_sitenote_note":"","_monsterinsights_sitenote_category":0,"footnotes":""},"class_list":["post-4957","page","type-page","status-publish","hentry"],"_links":{"self":[{"href":"https:\/\/tdbo.org\/index.php\/wp-json\/wp\/v2\/pages\/4957","targetHints":{"allow":["GET"]}}],"collection":[{"href":"https:\/\/tdbo.org\/index.php\/wp-json\/wp\/v2\/pages"}],"about":[{"href":"https:\/\/tdbo.org\/index.php\/wp-json\/wp\/v2\/types\/page"}],"author":[{"embeddable":true,"href":"https:\/\/tdbo.org\/index.php\/wp-json\/wp\/v2\/users\/1"}],"replies":[{"embeddable":true,"href":"https:\/\/tdbo.org\/index.php\/wp-json\/wp\/v2\/comments?post=4957"}],"version-history":[{"count":1,"href":"https:\/\/tdbo.org\/index.php\/wp-json\/wp\/v2\/pages\/4957\/revisions"}],"predecessor-version":[{"id":4958,"href":"https:\/\/tdbo.org\/index.php\/wp-json\/wp\/v2\/pages\/4957\/revisions\/4958"}],"wp:attachment":[{"href":"https:\/\/tdbo.org\/index.php\/wp-json\/wp\/v2\/media?parent=4957"}],"curies":[{"name":"wp","href":"https:\/\/api.w.org\/{rel}","templated":true}]}}