{"id":411,"date":"2023-09-26T15:17:28","date_gmt":"2023-09-26T12:17:28","guid":{"rendered":"https:\/\/tdbo.org\/?page_id=411"},"modified":"2024-09-16T09:00:38","modified_gmt":"2024-09-16T06:00:38","slug":"411-2","status":"publish","type":"page","link":"https:\/\/tdbo.org\/index.php\/411-2\/","title":{"rendered":"Afi\u015fler 2023"},"content":{"rendered":"<div class=\"wpb-content-wrapper\"><p>[vc_row][vc_column width=&#8221;1\/5&#8243;][\/vc_column][vc_column width=&#8221;1\/5&#8243;][vc_single_image image=&#8221;465&#8243; img_size=&#8221;large&#8221; alignment=&#8221;center&#8221; style=&#8221;vc_box_rounded&#8221; onclick=&#8221;link_image&#8221; label=&#8221;&#8221;][vc_custom_heading text=&#8221;6. T\u00fcrk D\u00fcnyas\u0131 Bilim ve K\u00fclt\u00fcr \u015eenli\u011fi&#8221; font_container=&#8221;tag:h2|text_align:center&#8221; google_fonts=&#8221;font_family:Andika%3Aregular|font_style:400%20regular%3A400%3Anormal&#8221;][\/vc_column][vc_column width=&#8221;1\/5&#8243;][vc_single_image image=&#8221;464&#8243; img_size=&#8221;large&#8221; alignment=&#8221;center&#8221; style=&#8221;vc_box_rounded&#8221; onclick=&#8221;link_image&#8221; label=&#8221;&#8221;][vc_custom_heading text=&#8221;6. T\u00fcrk D\u00fcnyas\u0131 Bilim ve K\u00fclt\u00fcr \u015eenli\u011fi&#8221; font_container=&#8221;tag:h2|text_align:center&#8221; google_fonts=&#8221;font_family:Andika%3Aregular|font_style:400%20regular%3A400%3Anormal&#8221;][\/vc_column][vc_column width=&#8221;1\/5&#8243;][vc_single_image image=&#8221;463&#8243; img_size=&#8221;large&#8221; alignment=&#8221;center&#8221; style=&#8221;vc_box_rounded&#8221; onclick=&#8221;link_image&#8221; label=&#8221;&#8221;][vc_custom_heading text=&#8221;6. T\u00fcrk D\u00fcnyas\u0131 Bilim ve K\u00fclt\u00fcr \u015eenli\u011fi&#8221; font_container=&#8221;tag:h2|text_align:center&#8221; google_fonts=&#8221;font_family:Andika%3Aregular|font_style:400%20regular%3A400%3Anormal&#8221;][\/vc_column][vc_column width=&#8221;1\/5&#8243;][\/vc_column][\/vc_row]<\/p>\n<\/div>","protected":false},"excerpt":{"rendered":"<p>[vc_row][vc_column width=&#8221;1\/5&#8243;][\/vc_column][vc_column width=&#8221;1\/5&#8243;][vc_single_image image=&#8221;465&#8243; img_size=&#8221;large&#8221; alignment=&#8221;center&#8221; style=&#8221;vc_box_rounded&#8221; onclick=&#8221;link_image&#8221; label=&#8221;&#8221;][vc_custom_heading text=&#8221;6. T\u00fcrk D\u00fcnyas\u0131 Bilim ve K\u00fclt\u00fcr \u015eenli\u011fi&#8221; font_container=&#8221;tag:h2|text_align:center&#8221; google_fonts=&#8221;font_family:Andika%3Aregular|font_style:400%20regular%3A400%3Anormal&#8221;][\/vc_column][vc_column width=&#8221;1\/5&#8243;][vc_single_image image=&#8221;464&#8243; img_size=&#8221;large&#8221; alignment=&#8221;center&#8221; style=&#8221;vc_box_rounded&#8221; onclick=&#8221;link_image&#8221; label=&#8221;&#8221;][vc_custom_heading text=&#8221;6. T\u00fcrk D\u00fcnyas\u0131 Bilim ve K\u00fclt\u00fcr \u015eenli\u011fi&#8221; font_container=&#8221;tag:h2|text_align:center&#8221; google_fonts=&#8221;font_family:Andika%3Aregular|font_style:400%20regular%3A400%3Anormal&#8221;][\/vc_column][vc_column width=&#8221;1\/5&#8243;][vc_single_image image=&#8221;463&#8243; img_size=&#8221;large&#8221; alignment=&#8221;center&#8221; style=&#8221;vc_box_rounded&#8221; onclick=&#8221;link_image&#8221; label=&#8221;&#8221;][vc_custom_heading text=&#8221;6. T\u00fcrk D\u00fcnyas\u0131 Bilim ve K\u00fclt\u00fcr \u015eenli\u011fi&#8221; font_container=&#8221;tag:h2|text_align:center&#8221; google_fonts=&#8221;font_family:Andika%3Aregular|font_style:400%20regular%3A400%3Anormal&#8221;][\/vc_column][vc_column width=&#8221;1\/5&#8243;][\/vc_column][\/vc_row]<\/p>\n","protected":false},"author":1,"featured_media":0,"parent":0,"menu_order":0,"comment_status":"closed","ping_status":"closed","template":"","meta":{"_monsterinsights_skip_tracking":false,"_monsterinsights_sitenote_active":false,"_monsterinsights_sitenote_note":"","_monsterinsights_sitenote_category":0,"footnotes":""},"class_list":["post-411","page","type-page","status-publish","hentry"],"_links":{"self":[{"href":"https:\/\/tdbo.org\/index.php\/wp-json\/wp\/v2\/pages\/411","targetHints":{"allow":["GET"]}}],"collection":[{"href":"https:\/\/tdbo.org\/index.php\/wp-json\/wp\/v2\/pages"}],"about":[{"href":"https:\/\/tdbo.org\/index.php\/wp-json\/wp\/v2\/types\/page"}],"author":[{"embeddable":true,"href":"https:\/\/tdbo.org\/index.php\/wp-json\/wp\/v2\/users\/1"}],"replies":[{"embeddable":true,"href":"https:\/\/tdbo.org\/index.php\/wp-json\/wp\/v2\/comments?post=411"}],"version-history":[{"count":10,"href":"https:\/\/tdbo.org\/index.php\/wp-json\/wp\/v2\/pages\/411\/revisions"}],"predecessor-version":[{"id":2197,"href":"https:\/\/tdbo.org\/index.php\/wp-json\/wp\/v2\/pages\/411\/revisions\/2197"}],"wp:attachment":[{"href":"https:\/\/tdbo.org\/index.php\/wp-json\/wp\/v2\/media?parent=411"}],"curies":[{"name":"wp","href":"https:\/\/api.w.org\/{rel}","templated":true}]}}