{"id":387,"date":"2023-09-20T21:54:58","date_gmt":"2023-09-20T18:54:58","guid":{"rendered":"http:\/\/tdbo.org\/?page_id=387"},"modified":"2026-03-03T22:25:51","modified_gmt":"2026-03-03T19:25:51","slug":"kurullar","status":"publish","type":"page","link":"https:\/\/tdbo.org\/index.php\/kurullar\/","title":{"rendered":"Kurullar"},"content":{"rendered":"<div class=\"wpb-content-wrapper\"><p>[vc_row][vc_column][vc_column_text css=&#8221;&#8221;]<strong>Etkinlik Genel Ba\u015fkan\u0131:<\/strong><br \/>\nG\u00fcng\u00f6r Azim TUNA, Vali \u2013 T\u00fcrk D\u00fcnyas\u0131 \u00c7ocuk Vakf\u0131 M\u00fctevelli Heyeti Ba\u015fkan\u0131<\/p>\n<p><strong>Onur Kurulu:<\/strong><br \/>\nKemal \u00c7EBER, Gaziantep Valisi<br \/>\nFatma \u015eAH\u0130N, Gaziantep B\u00fcy\u00fck\u015fehir Belediye Ba\u015fkan\u0131<br \/>\nSultan RAEV, T\u00dcRKSOY Genel Sekreteri<br \/>\nAbdullah EREN, T\u0130KA Ba\u015fkan\u0131<br \/>\nAbdulhadi TURUS, Yurtd\u0131\u015f\u0131 T\u00fcrkler ve Akraba Topluluklar Ba\u015fkan\u0131<\/p>\n<p><strong>\u0130\u015ftirak\u00e7i Kurum ve Kurulu\u015flar:<\/strong><br \/>\nT\u00fcrk D\u00fcnyas\u0131 \u00c7ocuk Vakf\u0131 (TD\u00c7V)<br \/>\nGaziantep Valili\u011fi<br \/>\nGaziantep B\u00fcy\u00fck\u015fehir Belediye Ba\u015fkanl\u0131\u011f\u0131<br \/>\nT\u00fcrk D\u00fcnyas\u0131 Belediyeleri Birli\u011fi (TDBB)<br \/>\nUluslararas\u0131 T\u00fcrk K\u00fclt\u00fcr\u00fc Te\u015fkilat\u0131 (T\u00dcRKSOY)<br \/>\nT\u00fcrk \u0130\u015fbirli\u011fi ve Koordinasyon Ajans\u0131 Ba\u015fkanl\u0131\u011f\u0131 (T\u0130KA)<br \/>\nT\u00fcrk Hava Yollar\u0131 (THY)<br \/>\nYurtd\u0131\u015f\u0131 T\u00fcrkler ve Akraba Topluluklar Ba\u015fkanl\u0131\u011f\u0131 (YTB)<\/p>\n<p><strong>D\u00fczenleme Kurulu Ba\u015fkan\u0131 \/ Etkinlik Koordinat\u00f6r\u00fc:<\/strong><br \/>\nProf. Dr. Mustafa B\u00d6Y\u00dcKATA<\/p>\n<p><strong>D\u00fczenleme Kurulu:<\/strong><\/p>\n<p>Do\u00e7. Dr. \u0130brahim ERDO\u011eAN, T\u00fcrkiye G\u00f6n\u00fcll\u00fc E\u011fitimciler Derne\u011fi Ba\u015fkan\u0131<br \/>\nAra\u015f. G\u00f6r. Dr. Murat \u00c7a\u011fr\u0131 TUNA, \u00c7anakkale Onsekiz Mart \u00dcniversitesi<br \/>\nAra\u015f. G\u00f6r. Dr. \u0130brahim VAROL, Manisa Celal Bayar \u00dcniversitesi<br \/>\nMehmet \u00c7ET\u0130N, TD\u00c7V M\u00fctevelli \u00dcyesi<br \/>\nHalil G\u00dcRB\u00dcZ, TD\u00c7V Y\u00f6netim Kurulu Ba\u015fkan\u0131<br \/>\nAdem YE\u015e\u0130L, TD\u00c7V M\u00fctevelli Heyet \u00dcyesi<br \/>\n\u00d6mr\u00fcm I\u015eIKAY G\u00dcRB\u00dcZ, Kahramanmara\u015f S\u00fct\u00e7\u00fc \u0130mam \u00dcniversitesi<br \/>\nMustafa K\u00fcr\u015fat KORKMAZ, Eski\u015fehir Bukkasoft<br \/>\nErol \u00d6ZEL, Ankara \u2013 Mamak \u0130l\u00e7e MEM \u00d6\u011fretmen<\/p>\n<p><strong>Akademik Dan\u0131\u015fma Kurulu:<\/strong><br \/>\nProf. Dr. Y\u00fccel ACER, Ankara Y\u0131ld\u0131r\u0131m Beyaz\u0131t \u00dcniversitesi<br \/>\nProf. Dr. Ferudun Hakan \u00d6ZKAN, Ankara Hac\u0131 Bayram Veli \u00dcniversitesi<br \/>\nProf. Dr. Veli Sava\u015f YELOK, Ankara Hac\u0131 Bayram Veli \u00dcniversitesi<br \/>\nProf. Dr. Emin TORO\u011eLU, Kahramanmara\u015f S\u00fct\u00e7\u00fc \u0130mam \u00dcniversitesi<br \/>\nProf. Dr. G\u00f6khan \u00c7ALI\u015eKAN, I\u011fd\u0131r \u00dcniversitesi<br \/>\nDo\u00e7. Dr. \u0130brahim Y\u00dcKSEL, Gazi \u00dcniversitesi<br \/>\nDo\u00e7. Dr. Nurhan \u00d6ZKAN KU\u015e, Sel\u00e7uk \u00dcniversitesi<br \/>\nDo\u00e7. Dr. G\u00fclden ASAN, Hitit \u00dcniversitesi<br \/>\nDo\u00e7. Dr. O\u011fuz Ka\u011fan K\u00d6KSAL, Ad\u0131yaman \u00dcniversitesi<br \/>\nDr. \u00d6\u011fr. \u00dcyesi Dada\u015f MUTALL\u0130M, Yozgat Bozok \u00dcniversitesi<\/p>\n<p><strong>Yerel Organizasyon ve Y\u00fcr\u00fctme Kurulu:<\/strong><\/p>\n<p>Mehmet Abdullah AKSOY &#8211; GBB Genel Sekreter Yard\u0131mc\u0131s\u0131<br \/>\nOya ALPAY &#8211; GBB Genel Sekreter Yard\u0131mc\u0131s\u0131<br \/>\nProf. Dr. Mustafa \u00d6ZDAL &#8211; GBB E\u011fitim, Gen\u00e7lik ve Spor Daire Ba\u015fkan\u0131<br \/>\nH\u00fcseyin ATE\u015e &#8211; GBB K\u00fclt\u00fcr, Sanat ve Bilim Daire Ba\u015fkan\u0131<br \/>\nK\u00fcbra \u00c7\u0130NKILI\u00c7 &#8211; GBB Kad\u0131n, Aile ve Sosyal Hizmetler Daire Ba\u015fkan\u0131<br \/>\nNuman AKD\u0130\u015e &#8211; GBB Bilim ve Toplum \u015eube M\u00fcd\u00fcr\u00fc<\/p>\n<p><strong>De\u011ferlendirme J\u00fcrisi:<\/strong><br \/>\nProf. Dr. Mustafa B\u00d6Y\u00dcKATA, Yozgat Bozok \u00dcniversitesi<br \/>\nProf. Dr. Recai KU\u015e, Sel\u00e7uk \u00dcniversitesi<br \/>\nProf. Dr. Sefa TARHAN, Tokat GOP \u00dcniversitesi<br \/>\nProf. Dr. Rahmi \u00dcNAL, Gazi \u00dcniversitesi<br \/>\nProf. Dr. Ufuk KOCA \u00c7ALI\u015eKAN, D\u00fczce \u00dcniversitesi<br \/>\nProf. Dr. Aynur \u00d6ZCAN, Gazi \u00dcniversitesi<br \/>\nProf. Dr. Mecit AKSU, D\u00fczce \u00dcniversitesi<br \/>\nProf. Dr. G\u0131yasettin AYTA\u015e, Gazi \u00dcniversitesi<br \/>\nProf. Dr. \u015eevki ADEM, \u00c7ank\u0131r\u0131 Karatekin \u00dcniversitesi<br \/>\nProf. Dr. Dudu Duygu KILI\u00c7, Amasya \u00dcniversitesi<br \/>\nProf. Dr. Abdurrahman ASAN, Hitit \u00dcniversitesi<br \/>\nProf. Dr. U\u011fur \u00c7EV\u0130K, Karadeniz Teknik \u00dcniversitesi<br \/>\nProf. Dr. Haydar ARSLAN, Zonguldak B\u00fclent Ecevit \u00dcniversitesi<br \/>\nDo\u00e7. Dr. Yasin POLAT, Nev\u015fehir Hac\u0131 Bekta\u015f Veli \u00dcniversitesi<br \/>\nDo\u00e7. Dr. Mehmet KUTLU, Yozgat Bozok \u00dcniversitesi<br \/>\nDo\u00e7. Dr. Recep TEMEL, Bolu Abant \u0130zzet Baysal \u00dcniversitesi<br \/>\nDo\u00e7. Dr. Song\u00fcl \u00d6Z\u00dcM, Hitit \u00dcniversitesi<\/p>\n<p><strong>Sekreterya:<\/strong><br \/>\nT\u00fcrk D\u00fcnyas\u0131 \u00c7ocuk Vakf\u0131 (TD\u00c7V)[\/vc_column_text][\/vc_column][\/vc_row]<\/p>\n<\/div>","protected":false},"excerpt":{"rendered":"<p>[vc_row][vc_column][vc_column_text css=&#8221;&#8221;]Etkinlik Genel Ba\u015fkan\u0131: G\u00fcng\u00f6r Azim TUNA, Vali \u2013 T\u00fcrk D\u00fcnyas\u0131 \u00c7ocuk Vakf\u0131 M\u00fctevelli Heyeti Ba\u015fkan\u0131 Onur Kurulu: Kemal \u00c7EBER, Gaziantep Valisi Fatma \u015eAH\u0130N, Gaziantep B\u00fcy\u00fck\u015fehir Belediye Ba\u015fkan\u0131 Sultan RAEV, T\u00dcRKSOY Genel Sekreteri Abdullah EREN, T\u0130KA Ba\u015fkan\u0131 Abdulhadi TURUS, Yurtd\u0131\u015f\u0131 T\u00fcrkler ve Akraba Topluluklar Ba\u015fkan\u0131 \u0130\u015ftirak\u00e7i Kurum ve Kurulu\u015flar: T\u00fcrk D\u00fcnyas\u0131 \u00c7ocuk Vakf\u0131 (TD\u00c7V) Gaziantep [&hellip;]<\/p>\n","protected":false},"author":1,"featured_media":0,"parent":0,"menu_order":0,"comment_status":"closed","ping_status":"closed","template":"","meta":{"_monsterinsights_skip_tracking":false,"_monsterinsights_sitenote_active":false,"_monsterinsights_sitenote_note":"","_monsterinsights_sitenote_category":0,"footnotes":""},"class_list":["post-387","page","type-page","status-publish","hentry"],"_links":{"self":[{"href":"https:\/\/tdbo.org\/index.php\/wp-json\/wp\/v2\/pages\/387","targetHints":{"allow":["GET"]}}],"collection":[{"href":"https:\/\/tdbo.org\/index.php\/wp-json\/wp\/v2\/pages"}],"about":[{"href":"https:\/\/tdbo.org\/index.php\/wp-json\/wp\/v2\/types\/page"}],"author":[{"embeddable":true,"href":"https:\/\/tdbo.org\/index.php\/wp-json\/wp\/v2\/users\/1"}],"replies":[{"embeddable":true,"href":"https:\/\/tdbo.org\/index.php\/wp-json\/wp\/v2\/comments?post=387"}],"version-history":[{"count":29,"href":"https:\/\/tdbo.org\/index.php\/wp-json\/wp\/v2\/pages\/387\/revisions"}],"predecessor-version":[{"id":8685,"href":"https:\/\/tdbo.org\/index.php\/wp-json\/wp\/v2\/pages\/387\/revisions\/8685"}],"wp:attachment":[{"href":"https:\/\/tdbo.org\/index.php\/wp-json\/wp\/v2\/media?parent=387"}],"curies":[{"name":"wp","href":"https:\/\/api.w.org\/{rel}","templated":true}]}}