{"id":2033,"date":"2024-09-09T17:58:42","date_gmt":"2024-09-09T14:58:42","guid":{"rendered":"https:\/\/tdbo.org\/?page_id=2033"},"modified":"2024-09-09T18:30:56","modified_gmt":"2024-09-09T15:30:56","slug":"2022-kasim","status":"publish","type":"page","link":"https:\/\/tdbo.org\/index.php\/2022-kasim\/","title":{"rendered":"20-22 Kas\u0131 2023 Mamak Ankara Uluslararas\u0131 T\u00fcrk D\u00fcnyas\u0131 Bilim ve K\u00fclt\u00fcr \u015eenli\u011fi"},"content":{"rendered":"<div class=\"wpb-content-wrapper\"><p>[vc_row full_width=&#8221;stretch_row_content&#8221; wrap_container=&#8221;yes&#8221; gap=&#8221;10&#8243; rtl_reverse=&#8221;yes&#8221; content_placement=&#8221;middle&#8221; parallax=&#8221;content-moving&#8221; parallax_speed_bg=&#8221;1.8&#8243; is_section=&#8221;yes&#8221; section_skin=&#8221;parallax&#8221; remove_margin_top=&#8221;yes&#8221; remove_border=&#8221;yes&#8221; conditional_render=&#8221;%5B%7B%22value_role%22%3A%22administrator%22%7D%5D&#8221;][vc_column el_class=&#8221;mb-5 mb-md-0 custom-column-bg py-5&#8243; conditional_render=&#8221;%5B%7B%22value_role%22%3A%22administrator%22%7D%5D&#8221;][vc_custom_heading text=&#8221;20-22 Kas\u0131m 2023 Mamak Ankara Uluslararas\u0131 T\u00fcrk D\u00fcnyas\u0131 Bilim ve K\u00fclt\u00fcr \u015eenli\u011fi&#8221; font_container=&#8221;tag:h2|font_size:35|text_align:center|color:%23ffffff|line_height:1.2&#8243; use_theme_fonts=&#8221;yes&#8221; css=&#8221;&#8221; font_weight=&#8221;700&#8243; animation_delay=&#8221;400&#8243; el_class=&#8221;mb-3 ls-negative-1&#8243; animation_type=&#8221;maskUp&#8221;][vc_gallery type=&#8221;image_grid&#8221; images=&#8221;2050,2053,2057,2044,2034,2035,2036,2037,2038,2040,2041,2042,2043,2045,2046,2047,2048,2049,2051,2052,2054,2055,2056,2058,2039,2066,2067,2068,2069,2070,2071,2072,2073,2074,2075,2076,2077,2078,2079,2080,2081,2082,2083,2084,2085,2086,2087,2088,2089,2090,2091,2092,2093,2094,2095,2096,2097,2098,2099,2100,2101,2102,2103,2104,2105,2106,2107,2108,2109,2110,2111,2112,2113,2114,2115,2116,2117,2118,2119,2120,2121&#8243; css=&#8221;&#8221;][\/vc_column][\/vc_row]<\/p>\n<\/div>","protected":false},"excerpt":{"rendered":"<p>[vc_row full_width=&#8221;stretch_row_content&#8221; wrap_container=&#8221;yes&#8221; gap=&#8221;10&#8243; rtl_reverse=&#8221;yes&#8221; content_placement=&#8221;middle&#8221; parallax=&#8221;content-moving&#8221; parallax_speed_bg=&#8221;1.8&#8243; is_section=&#8221;yes&#8221; section_skin=&#8221;parallax&#8221; remove_margin_top=&#8221;yes&#8221; remove_border=&#8221;yes&#8221; conditional_render=&#8221;%5B%7B%22value_role%22%3A%22administrator%22%7D%5D&#8221;][vc_column el_class=&#8221;mb-5 mb-md-0 custom-column-bg py-5&#8243; conditional_render=&#8221;%5B%7B%22value_role%22%3A%22administrator%22%7D%5D&#8221;][vc_custom_heading text=&#8221;20-22 Kas\u0131m 2023 Mamak Ankara Uluslararas\u0131 T\u00fcrk D\u00fcnyas\u0131 Bilim ve K\u00fclt\u00fcr \u015eenli\u011fi&#8221; font_container=&#8221;tag:h2|font_size:35|text_align:center|color:%23ffffff|line_height:1.2&#8243; use_theme_fonts=&#8221;yes&#8221; css=&#8221;&#8221; font_weight=&#8221;700&#8243; animation_delay=&#8221;400&#8243; el_class=&#8221;mb-3 ls-negative-1&#8243; animation_type=&#8221;maskUp&#8221;][vc_gallery type=&#8221;image_grid&#8221; images=&#8221;2050,2053,2057,2044,2034,2035,2036,2037,2038,2040,2041,2042,2043,2045,2046,2047,2048,2049,2051,2052,2054,2055,2056,2058,2039,2066,2067,2068,2069,2070,2071,2072,2073,2074,2075,2076,2077,2078,2079,2080,2081,2082,2083,2084,2085,2086,2087,2088,2089,2090,2091,2092,2093,2094,2095,2096,2097,2098,2099,2100,2101,2102,2103,2104,2105,2106,2107,2108,2109,2110,2111,2112,2113,2114,2115,2116,2117,2118,2119,2120,2121&#8243; css=&#8221;&#8221;][\/vc_column][\/vc_row]<\/p>\n","protected":false},"author":1,"featured_media":0,"parent":0,"menu_order":0,"comment_status":"closed","ping_status":"open","template":"","meta":{"_monsterinsights_skip_tracking":false,"_monsterinsights_sitenote_active":false,"_monsterinsights_sitenote_note":"","_monsterinsights_sitenote_category":0,"footnotes":""},"class_list":["post-2033","page","type-page","status-publish","hentry"],"_links":{"self":[{"href":"https:\/\/tdbo.org\/index.php\/wp-json\/wp\/v2\/pages\/2033","targetHints":{"allow":["GET"]}}],"collection":[{"href":"https:\/\/tdbo.org\/index.php\/wp-json\/wp\/v2\/pages"}],"about":[{"href":"https:\/\/tdbo.org\/index.php\/wp-json\/wp\/v2\/types\/page"}],"author":[{"embeddable":true,"href":"https:\/\/tdbo.org\/index.php\/wp-json\/wp\/v2\/users\/1"}],"replies":[{"embeddable":true,"href":"https:\/\/tdbo.org\/index.php\/wp-json\/wp\/v2\/comments?post=2033"}],"version-history":[{"count":6,"href":"https:\/\/tdbo.org\/index.php\/wp-json\/wp\/v2\/pages\/2033\/revisions"}],"predecessor-version":[{"id":2124,"href":"https:\/\/tdbo.org\/index.php\/wp-json\/wp\/v2\/pages\/2033\/revisions\/2124"}],"wp:attachment":[{"href":"https:\/\/tdbo.org\/index.php\/wp-json\/wp\/v2\/media?parent=2033"}],"curies":[{"name":"wp","href":"https:\/\/api.w.org\/{rel}","templated":true}]}}