{"id":2004,"date":"2023-11-09T16:33:52","date_gmt":"2023-11-09T13:33:52","guid":{"rendered":"https:\/\/tdbo.org\/?page_id=2004"},"modified":"2023-11-09T16:34:01","modified_gmt":"2023-11-09T13:34:01","slug":"ortaokulliste-2","status":"publish","type":"page","link":"https:\/\/tdbo.org\/index.php\/ortaokulliste-2\/","title":{"rendered":"2023 Y\u0131l\u0131 Ankara \u0130\u00e7i Lise d\u00fczeyi yurti\u00e7i proje ba\u015fvurular\u0131ndan \u015fenlikte sergilenmesi uygun g\u00f6r\u00fclen proje"},"content":{"rendered":"<div class=\"wpb-content-wrapper\"><p>[vc_row][vc_column][vc_column_text]<\/p>\n<p style=\"text-align: center;\"><strong><span style=\"font-size: 25px;\">2023 Y\u0131l\u0131 Ankara \u0130\u00e7i Lise d\u00fczeyi yurti\u00e7i proje ba\u015fvurular\u0131ndan \u015fenlikte sergilenmesi uygun g\u00f6r\u00fclen proje sahipleri listesi<\/span><\/strong><\/p>\n<p>[\/vc_column_text][vc_row_inner][vc_column_inner width=&#8221;1\/4&#8243;][\/vc_column_inner][vc_column_inner width=&#8221;1\/2&#8243;][vc_column_text]<\/p>\n<table style=\"border-collapse: collapse; table-layout: fixed; width: 367pt;\" border=\"0\" width=\"488\" cellspacing=\"0\" cellpadding=\"0\">\n<colgroup>\n<col style=\"mso-width-source: userset; mso-width-alt: 5339; width: 110pt;\" width=\"146\" \/>\n<col style=\"mso-width-source: userset; mso-width-alt: 4973; width: 102pt;\" width=\"136\" \/>\n<col style=\"mso-width-source: userset; mso-width-alt: 7533; width: 155pt;\" width=\"206\" \/> <\/colgroup>\n<tbody>\n<tr style=\"height: 15.0pt;\">\n<td style=\"height: 15.0pt; width: 110pt; font-size: 11.0pt; color: white; font-weight: bold; text-decoration: none; text-underline-style: none; text-line-through: none; font-family: Calibri, sans-serif; border-top: .5pt solid #A9D08E; border-right: none; border-bottom: .5pt solid #A9D08E; border-left: .5pt solid #A9D08E; background: #70AD47; mso-pattern: #70AD47 none;\" width=\"146\" height=\"20\">\u00d6\u011frencinin Ad\u0131<span style=\"mso-spacerun: yes;\">\u00a0<\/span><\/td>\n<td style=\"width: 102pt; font-size: 11.0pt; color: white; font-weight: bold; text-decoration: none; text-underline-style: none; text-line-through: none; font-family: Calibri, sans-serif; border-top: .5pt solid #A9D08E; border-right: none; border-bottom: .5pt solid #A9D08E; border-left: none; background: #70AD47; mso-pattern: #70AD47 none;\" width=\"136\">\u00d6\u011frencinin Soyad\u0131<\/td>\n<td style=\"width: 155pt; font-size: 11.0pt; color: white; font-weight: bold; text-decoration: none; text-underline-style: none; text-line-through: none; font-family: Calibri, sans-serif; border-top: .5pt solid #A9D08E; border-right: .5pt solid #A9D08E; border-bottom: .5pt solid #A9D08E; border-left: none; background: #70AD47; mso-pattern: #70AD47 none;\" width=\"206\">Dan\u0131\u015fman Ad\u0131 Soyad\u0131<\/td>\n<\/tr>\n<tr style=\"height: 15.0pt;\">\n<td style=\"height: 15.0pt; font-size: 11.0pt; color: black; font-weight: 400; text-decoration: none; text-underline-style: none; text-line-through: none; font-family: Calibri, sans-serif; border-top: .5pt solid #A9D08E; border-right: none; border-bottom: .5pt solid #A9D08E; border-left: .5pt solid #A9D08E; background: #E2EFDA; mso-pattern: #E2EFDA none;\" height=\"20\">Akif<\/td>\n<td style=\"font-size: 11.0pt; color: black; font-weight: 400; text-decoration: none; text-underline-style: none; text-line-through: none; font-family: Calibri, sans-serif; border-top: .5pt solid #A9D08E; border-right: none; border-bottom: .5pt solid #A9D08E; border-left: none; background: #E2EFDA; mso-pattern: #E2EFDA none;\">CAN<\/td>\n<td style=\"font-size: 11.0pt; color: black; font-weight: 400; text-decoration: none; text-underline-style: none; text-line-through: none; font-family: Calibri, sans-serif; border-top: .5pt solid #A9D08E; border-right: .5pt solid #A9D08E; border-bottom: .5pt solid #A9D08E; border-left: none; background: #E2EFDA; mso-pattern: #E2EFDA none;\">B\u00fcnyamin<br \/>\nAKTA\u015e<\/td>\n<\/tr>\n<tr style=\"height: 15.0pt;\">\n<td style=\"height: 15.0pt; font-size: 11.0pt; color: black; font-weight: 400; text-decoration: none; text-underline-style: none; text-line-through: none; font-family: Calibri, sans-serif; border-top: .5pt solid #A9D08E; border-right: none; border-bottom: .5pt solid #A9D08E; border-left: .5pt solid #A9D08E;\" height=\"20\">AL\u0130<\/td>\n<td style=\"font-size: 11.0pt; color: black; font-weight: 400; text-decoration: none; text-underline-style: none; text-line-through: none; font-family: Calibri, sans-serif; border-top: .5pt solid #A9D08E; border-right: none; border-bottom: .5pt solid #A9D08E; border-left: none;\">\u00c7ANKAYA<\/td>\n<td style=\"font-size: 11.0pt; color: black; font-weight: 400; text-decoration: none; text-underline-style: none; text-line-through: none; font-family: Calibri, sans-serif; border-top: .5pt solid #A9D08E; border-right: .5pt solid #A9D08E; border-bottom: .5pt solid #A9D08E; border-left: none;\">\u015eerife \u0130\u00c7\u00d6Z ATAK<\/td>\n<\/tr>\n<tr style=\"height: 15.0pt;\">\n<td style=\"height: 15.0pt; font-size: 11.0pt; color: black; font-weight: 400; text-decoration: none; text-underline-style: none; text-line-through: none; font-family: Calibri, sans-serif; border-top: .5pt solid #A9D08E; border-right: none; border-bottom: .5pt solid #A9D08E; border-left: .5pt solid #A9D08E; background: #E2EFDA; mso-pattern: #E2EFDA none;\" height=\"20\">Ebrar Rabia<\/td>\n<td style=\"font-size: 11.0pt; color: black; font-weight: 400; text-decoration: none; text-underline-style: none; text-line-through: none; font-family: Calibri, sans-serif; border-top: .5pt solid #A9D08E; border-right: none; border-bottom: .5pt solid #A9D08E; border-left: none; background: #E2EFDA; mso-pattern: #E2EFDA none;\">G\u00fcll\u00fc<\/td>\n<td style=\"font-size: 11.0pt; color: black; font-weight: 400; text-decoration: none; text-underline-style: none; text-line-through: none; font-family: Calibri, sans-serif; border-top: .5pt solid #A9D08E; border-right: .5pt solid #A9D08E; border-bottom: .5pt solid #A9D08E; border-left: none; background: #E2EFDA; mso-pattern: #E2EFDA none;\">Mehmet<br \/>\nFatih \u00c7AVU\u015e<\/td>\n<\/tr>\n<tr style=\"height: 15.0pt;\">\n<td style=\"height: 15.0pt; font-size: 11.0pt; color: black; font-weight: 400; text-decoration: none; text-underline-style: none; text-line-through: none; font-family: Calibri, sans-serif; border-top: .5pt solid #A9D08E; border-right: none; border-bottom: .5pt solid #A9D08E; border-left: .5pt solid #A9D08E;\" height=\"20\">EL\u0130F<br \/>\nSULTAN<\/td>\n<td style=\"font-size: 11.0pt; color: black; font-weight: 400; text-decoration: none; text-underline-style: none; text-line-through: none; font-family: Calibri, sans-serif; border-top: .5pt solid #A9D08E; border-right: none; border-bottom: .5pt solid #A9D08E; border-left: none;\">YAPAR<\/td>\n<td style=\"font-size: 11.0pt; color: black; font-weight: 400; text-decoration: none; text-underline-style: none; text-line-through: none; font-family: Calibri, sans-serif; border-top: .5pt solid #A9D08E; border-right: .5pt solid #A9D08E; border-bottom: .5pt solid #A9D08E; border-left: none;\">SEDA \u00d6ZBEK<\/td>\n<\/tr>\n<tr style=\"height: 15.0pt;\">\n<td style=\"height: 15.0pt; font-size: 11.0pt; color: black; font-weight: 400; text-decoration: none; text-underline-style: none; text-line-through: none; font-family: Calibri, sans-serif; border-top: .5pt solid #A9D08E; border-right: none; border-bottom: .5pt solid #A9D08E; border-left: .5pt solid #A9D08E; background: #E2EFDA; mso-pattern: #E2EFDA none;\" height=\"20\">EMRE<\/td>\n<td style=\"font-size: 11.0pt; color: black; font-weight: 400; text-decoration: none; text-underline-style: none; text-line-through: none; font-family: Calibri, sans-serif; border-top: .5pt solid #A9D08E; border-right: none; border-bottom: .5pt solid #A9D08E; border-left: none; background: #E2EFDA; mso-pattern: #E2EFDA none;\">YE\u015e\u0130LYURT<\/td>\n<td style=\"font-size: 11.0pt; color: black; font-weight: 400; text-decoration: none; text-underline-style: none; text-line-through: none; font-family: Calibri, sans-serif; border-top: .5pt solid #A9D08E; border-right: .5pt solid #A9D08E; border-bottom: .5pt solid #A9D08E; border-left: none; background: #E2EFDA; mso-pattern: #E2EFDA none;\">SERCAN<br \/>\n\u00c7OBAN<\/td>\n<\/tr>\n<tr style=\"height: 15.0pt;\">\n<td style=\"height: 15.0pt; font-size: 11.0pt; color: black; font-weight: 400; text-decoration: none; text-underline-style: none; text-line-through: none; font-family: Calibri, sans-serif; border-top: .5pt solid #A9D08E; border-right: none; border-bottom: .5pt solid #A9D08E; border-left: .5pt solid #A9D08E;\" height=\"20\">G\u00dcLCAN<br \/>\nEPRAL<\/td>\n<td style=\"font-size: 11.0pt; color: black; font-weight: 400; text-decoration: none; text-underline-style: none; text-line-through: none; font-family: Calibri, sans-serif; border-top: .5pt solid #A9D08E; border-right: none; border-bottom: .5pt solid #A9D08E; border-left: none;\">G\u00d6KSOY<\/td>\n<td style=\"font-size: 11.0pt; color: black; font-weight: 400; text-decoration: none; text-underline-style: none; text-line-through: none; font-family: Calibri, sans-serif; border-top: .5pt solid #A9D08E; border-right: .5pt solid #A9D08E; border-bottom: .5pt solid #A9D08E; border-left: none;\">YEL\u0130Z ELG\u00dcN B\u0130LEN<\/td>\n<\/tr>\n<tr style=\"height: 15.0pt;\">\n<td style=\"height: 15.0pt; font-size: 11.0pt; color: black; font-weight: 400; text-decoration: none; text-underline-style: none; text-line-through: none; font-family: Calibri, sans-serif; border-top: .5pt solid #A9D08E; border-right: none; border-bottom: .5pt solid #A9D08E; border-left: .5pt solid #A9D08E; background: #E2EFDA; mso-pattern: #E2EFDA none;\" height=\"20\">Hatice K\u00fcbra<\/td>\n<td style=\"font-size: 11.0pt; color: black; font-weight: 400; text-decoration: none; text-underline-style: none; text-line-through: none; font-family: Calibri, sans-serif; border-top: .5pt solid #A9D08E; border-right: none; border-bottom: .5pt solid #A9D08E; border-left: none; background: #E2EFDA; mso-pattern: #E2EFDA none;\">Demir<\/td>\n<td style=\"font-size: 11.0pt; color: black; font-weight: 400; text-decoration: none; text-underline-style: none; text-line-through: none; font-family: Calibri, sans-serif; border-top: .5pt solid #A9D08E; border-right: .5pt solid #A9D08E; border-bottom: .5pt solid #A9D08E; border-left: none; background: #E2EFDA; mso-pattern: #E2EFDA none;\">Esra<br \/>\nT\u00dcRKMEN<\/td>\n<\/tr>\n<tr style=\"height: 15.0pt;\">\n<td style=\"height: 15.0pt; font-size: 11.0pt; color: black; font-weight: 400; text-decoration: none; text-underline-style: none; text-line-through: none; font-family: Calibri, sans-serif; border-top: .5pt solid #A9D08E; border-right: none; border-bottom: .5pt solid #A9D08E; border-left: .5pt solid #A9D08E;\" height=\"20\">\u0130brahim<br \/>\nDeniz<\/td>\n<td style=\"font-size: 11.0pt; color: black; font-weight: 400; text-decoration: none; text-underline-style: none; text-line-through: none; font-family: Calibri, sans-serif; border-top: .5pt solid #A9D08E; border-right: none; border-bottom: .5pt solid #A9D08E; border-left: none;\">Altun<\/td>\n<td style=\"font-size: 11.0pt; color: black; font-weight: 400; text-decoration: none; text-underline-style: none; text-line-through: none; font-family: Calibri, sans-serif; border-top: .5pt solid #A9D08E; border-right: .5pt solid #A9D08E; border-bottom: .5pt solid #A9D08E; border-left: none;\">Tu\u011f\u00e7em Ero\u011flu<\/td>\n<\/tr>\n<tr style=\"height: 15.0pt;\">\n<td style=\"height: 15.0pt; font-size: 11.0pt; color: black; font-weight: 400; text-decoration: none; text-underline-style: none; text-line-through: none; font-family: Calibri, sans-serif; border-top: .5pt solid #A9D08E; border-right: none; border-bottom: .5pt solid #A9D08E; border-left: .5pt solid #A9D08E; background: #E2EFDA; mso-pattern: #E2EFDA none;\" height=\"20\">kerem<\/td>\n<td style=\"font-size: 11.0pt; color: black; font-weight: 400; text-decoration: none; text-underline-style: none; text-line-through: none; font-family: Calibri, sans-serif; border-top: .5pt solid #A9D08E; border-right: none; border-bottom: .5pt solid #A9D08E; border-left: none; background: #E2EFDA; mso-pattern: #E2EFDA none;\">ak\u00e7ora<\/td>\n<td style=\"font-size: 11.0pt; color: black; font-weight: 400; text-decoration: none; text-underline-style: none; text-line-through: none; font-family: Calibri, sans-serif; border-top: .5pt solid #A9D08E; border-right: .5pt solid #A9D08E; border-bottom: .5pt solid #A9D08E; border-left: none; background: #E2EFDA; mso-pattern: #E2EFDA none;\">mustafa<br \/>\nakg\u00fcl<\/td>\n<\/tr>\n<tr style=\"height: 15.0pt;\">\n<td style=\"height: 15.0pt; font-size: 11.0pt; color: black; font-weight: 400; text-decoration: none; text-underline-style: none; text-line-through: none; font-family: Calibri, sans-serif; border-top: .5pt solid #A9D08E; border-right: none; border-bottom: .5pt solid #A9D08E; border-left: .5pt solid #A9D08E;\" height=\"20\">Mehmet<br \/>\nAyd\u0131n<\/td>\n<td style=\"font-size: 11.0pt; color: black; font-weight: 400; text-decoration: none; text-underline-style: none; text-line-through: none; font-family: Calibri, sans-serif; border-top: .5pt solid #A9D08E; border-right: none; border-bottom: .5pt solid #A9D08E; border-left: none;\">Pekdemir<\/td>\n<td style=\"font-size: 11.0pt; color: black; font-weight: 400; text-decoration: none; text-underline-style: none; text-line-through: none; font-family: Calibri, sans-serif; border-top: .5pt solid #A9D08E; border-right: .5pt solid #A9D08E; border-bottom: .5pt solid #A9D08E; border-left: none;\">Remzi AKTAY<\/td>\n<\/tr>\n<tr style=\"height: 15.0pt;\">\n<td style=\"height: 15.0pt; font-size: 11.0pt; color: black; font-weight: 400; text-decoration: none; text-underline-style: none; text-line-through: none; font-family: Calibri, sans-serif; border-top: .5pt solid #A9D08E; border-right: none; border-bottom: .5pt solid #A9D08E; border-left: .5pt solid #A9D08E; background: #E2EFDA; mso-pattern: #E2EFDA none;\" height=\"20\">Muhammed Bera<\/td>\n<td style=\"font-size: 11.0pt; color: black; font-weight: 400; text-decoration: none; text-underline-style: none; text-line-through: none; font-family: Calibri, sans-serif; border-top: .5pt solid #A9D08E; border-right: none; border-bottom: .5pt solid #A9D08E; border-left: none; background: #E2EFDA; mso-pattern: #E2EFDA none;\">SADIKO\u011eLU<\/td>\n<td style=\"font-size: 11.0pt; color: black; font-weight: 400; text-decoration: none; text-underline-style: none; text-line-through: none; font-family: Calibri, sans-serif; border-top: .5pt solid #A9D08E; border-right: .5pt solid #A9D08E; border-bottom: .5pt solid #A9D08E; border-left: none; background: #E2EFDA; mso-pattern: #E2EFDA none;\">Mukaddes<br \/>\nALAT<\/td>\n<\/tr>\n<tr style=\"height: 15.0pt;\">\n<td style=\"height: 15.0pt; font-size: 11.0pt; color: black; font-weight: 400; text-decoration: none; text-underline-style: none; text-line-through: none; font-family: Calibri, sans-serif; border-top: .5pt solid #A9D08E; border-right: none; border-bottom: .5pt solid #A9D08E; border-left: .5pt solid #A9D08E;\" height=\"20\">Muhammed<br \/>\nBilal<\/td>\n<td style=\"font-size: 11.0pt; color: black; font-weight: 400; text-decoration: none; text-underline-style: none; text-line-through: none; font-family: Calibri, sans-serif; border-top: .5pt solid #A9D08E; border-right: none; border-bottom: .5pt solid #A9D08E; border-left: none;\">kaya<\/td>\n<td style=\"font-size: 11.0pt; color: black; font-weight: 400; text-decoration: none; text-underline-style: none; text-line-through: none; font-family: Calibri, sans-serif; border-top: .5pt solid #A9D08E; border-right: .5pt solid #A9D08E; border-bottom: .5pt solid #A9D08E; border-left: none;\">Ali G\u00fcltekin<\/td>\n<\/tr>\n<tr style=\"height: 15.0pt;\">\n<td style=\"height: 15.0pt; font-size: 11.0pt; color: black; font-weight: 400; text-decoration: none; text-underline-style: none; text-line-through: none; font-family: Calibri, sans-serif; border-top: .5pt solid #A9D08E; border-right: none; border-bottom: .5pt solid #A9D08E; border-left: .5pt solid #A9D08E; background: #E2EFDA; mso-pattern: #E2EFDA none;\" height=\"20\">Sadullah Efe<\/td>\n<td style=\"font-size: 11.0pt; color: black; font-weight: 400; text-decoration: none; text-underline-style: none; text-line-through: none; font-family: Calibri, sans-serif; border-top: .5pt solid #A9D08E; border-right: none; border-bottom: .5pt solid #A9D08E; border-left: none; background: #E2EFDA; mso-pattern: #E2EFDA none;\">DEM\u0130R<\/td>\n<td style=\"font-size: 11.0pt; color: black; font-weight: 400; text-decoration: none; text-underline-style: none; text-line-through: none; font-family: Calibri, sans-serif; border-top: .5pt solid #A9D08E; border-right: .5pt solid #A9D08E; border-bottom: .5pt solid #A9D08E; border-left: none; background: #E2EFDA; mso-pattern: #E2EFDA none;\">Buket<br \/>\nTEM\u0130ZER<\/td>\n<\/tr>\n<tr style=\"height: 15.0pt;\">\n<td style=\"height: 15.0pt; font-size: 11.0pt; color: black; font-weight: 400; text-decoration: none; text-underline-style: none; text-line-through: none; font-family: Calibri, sans-serif; border-top: .5pt solid #A9D08E; border-right: none; border-bottom: .5pt solid #A9D08E; border-left: .5pt solid #A9D08E;\" height=\"20\">Talha<\/td>\n<td style=\"font-size: 11.0pt; color: black; font-weight: 400; text-decoration: none; text-underline-style: none; text-line-through: none; font-family: Calibri, sans-serif; border-top: .5pt solid #A9D08E; border-right: none; border-bottom: .5pt solid #A9D08E; border-left: none;\">Alt\u0131nta\u015f<\/td>\n<td style=\"font-size: 11.0pt; color: black; font-weight: 400; text-decoration: none; text-underline-style: none; text-line-through: none; font-family: Calibri, sans-serif; border-top: .5pt solid #A9D08E; border-right: .5pt solid #A9D08E; border-bottom: .5pt solid #A9D08E; border-left: none;\">Remzi AKTAY<\/td>\n<\/tr>\n<tr style=\"height: 15.0pt;\">\n<td style=\"height: 15.0pt; font-size: 11.0pt; color: black; font-weight: 400; text-decoration: none; text-underline-style: none; text-line-through: none; font-family: Calibri, sans-serif; border-top: .5pt solid #A9D08E; border-right: none; border-bottom: .5pt solid #A9D08E; border-left: .5pt solid #A9D08E; background: #E2EFDA; mso-pattern: #E2EFDA none;\" height=\"20\">Ya\u011f\u0131z Kaan<\/td>\n<td style=\"font-size: 11.0pt; color: black; font-weight: 400; text-decoration: none; text-underline-style: none; text-line-through: none; font-family: Calibri, sans-serif; border-top: .5pt solid #A9D08E; border-right: none; border-bottom: .5pt solid #A9D08E; border-left: none; background: #E2EFDA; mso-pattern: #E2EFDA none;\">Arslan<\/td>\n<td style=\"font-size: 11.0pt; color: black; font-weight: 400; text-decoration: none; text-underline-style: none; text-line-through: none; font-family: Calibri, sans-serif; border-top: .5pt solid #A9D08E; border-right: .5pt solid #A9D08E; border-bottom: .5pt solid #A9D08E; border-left: none; background: #E2EFDA; mso-pattern: #E2EFDA none;\">Olcay<br \/>\n\u00d6zkan<\/td>\n<\/tr>\n<tr style=\"height: 15.0pt;\">\n<td style=\"height: 15.0pt; font-size: 11.0pt; color: black; font-weight: 400; text-decoration: none; text-underline-style: none; text-line-through: none; font-family: Calibri, sans-serif; border-top: .5pt solid #A9D08E; border-right: none; border-bottom: .5pt solid #A9D08E; border-left: .5pt solid #A9D08E;\" height=\"20\">Y\u0130\u011e\u0130T<br \/>\nSAMET<\/td>\n<td style=\"font-size: 11.0pt; color: black; font-weight: 400; text-decoration: none; text-underline-style: none; text-line-through: none; font-family: Calibri, sans-serif; border-top: .5pt solid #A9D08E; border-right: none; border-bottom: .5pt solid #A9D08E; border-left: none;\">KAPTANO\u011eLU<\/td>\n<td style=\"font-size: 11.0pt; color: black; font-weight: 400; text-decoration: none; text-underline-style: none; text-line-through: none; font-family: Calibri, sans-serif; border-top: .5pt solid #A9D08E; border-right: .5pt solid #A9D08E; border-bottom: .5pt solid #A9D08E; border-left: none;\">RECEP B\u0130\u00c7ER<\/td>\n<\/tr>\n<p><!-- [if supportMisalignedColumns]--><\/p>\n<tr style=\"display: none;\">\n<td style=\"width: 110pt;\" width=\"146\"><\/td>\n<td style=\"width: 102pt;\" width=\"136\"><\/td>\n<td style=\"width: 155pt;\" width=\"206\"><\/td>\n<\/tr>\n<p><!--[endif]--><\/tbody>\n<\/table>\n<p>[\/vc_column_text][\/vc_column_inner][vc_column_inner width=&#8221;1\/4&#8243;][\/vc_column_inner][\/vc_row_inner][\/vc_column][\/vc_row]<\/p>\n<\/div>","protected":false},"excerpt":{"rendered":"<p>[vc_row][vc_column][vc_column_text] 2023 Y\u0131l\u0131 Ankara \u0130\u00e7i Lise d\u00fczeyi yurti\u00e7i proje ba\u015fvurular\u0131ndan \u015fenlikte sergilenmesi uygun g\u00f6r\u00fclen proje sahipleri listesi [\/vc_column_text][vc_row_inner][vc_column_inner width=&#8221;1\/4&#8243;][\/vc_column_inner][vc_column_inner width=&#8221;1\/2&#8243;][vc_column_text] \u00d6\u011frencinin Ad\u0131\u00a0 \u00d6\u011frencinin Soyad\u0131 Dan\u0131\u015fman Ad\u0131 Soyad\u0131 Akif CAN B\u00fcnyamin AKTA\u015e AL\u0130 \u00c7ANKAYA \u015eerife \u0130\u00c7\u00d6Z ATAK Ebrar Rabia G\u00fcll\u00fc Mehmet Fatih \u00c7AVU\u015e EL\u0130F SULTAN YAPAR SEDA \u00d6ZBEK EMRE YE\u015e\u0130LYURT SERCAN \u00c7OBAN G\u00dcLCAN EPRAL G\u00d6KSOY YEL\u0130Z [&hellip;]<\/p>\n","protected":false},"author":1,"featured_media":0,"parent":0,"menu_order":0,"comment_status":"closed","ping_status":"closed","template":"","meta":{"_monsterinsights_skip_tracking":false,"_monsterinsights_sitenote_active":false,"_monsterinsights_sitenote_note":"","_monsterinsights_sitenote_category":0,"footnotes":""},"class_list":["post-2004","page","type-page","status-publish","hentry"],"_links":{"self":[{"href":"https:\/\/tdbo.org\/index.php\/wp-json\/wp\/v2\/pages\/2004","targetHints":{"allow":["GET"]}}],"collection":[{"href":"https:\/\/tdbo.org\/index.php\/wp-json\/wp\/v2\/pages"}],"about":[{"href":"https:\/\/tdbo.org\/index.php\/wp-json\/wp\/v2\/types\/page"}],"author":[{"embeddable":true,"href":"https:\/\/tdbo.org\/index.php\/wp-json\/wp\/v2\/users\/1"}],"replies":[{"embeddable":true,"href":"https:\/\/tdbo.org\/index.php\/wp-json\/wp\/v2\/comments?post=2004"}],"version-history":[{"count":2,"href":"https:\/\/tdbo.org\/index.php\/wp-json\/wp\/v2\/pages\/2004\/revisions"}],"predecessor-version":[{"id":2006,"href":"https:\/\/tdbo.org\/index.php\/wp-json\/wp\/v2\/pages\/2004\/revisions\/2006"}],"wp:attachment":[{"href":"https:\/\/tdbo.org\/index.php\/wp-json\/wp\/v2\/media?parent=2004"}],"curies":[{"name":"wp","href":"https:\/\/api.w.org\/{rel}","templated":true}]}}